{"id":862,"date":"2017-04-17T22:36:59","date_gmt":"2017-04-17T20:36:59","guid":{"rendered":"http:\/\/www.tc-karlsruhe-west.de\/?page_id=862"},"modified":"2025-04-14T08:49:29","modified_gmt":"2025-04-14T06:49:29","slug":"links-und-downloads","status":"publish","type":"page","link":"https:\/\/www.tc-karlsruhe-west.de\/?page_id=862","title":{"rendered":"Links und Downloads"},"content":{"rendered":"<p>Alle Jahresbeitr\u00e4ge in der \u00dcbersicht:<br \/>\n<a href=\"https:\/\/www.tc-karlsruhe-west.de\/wp-content\/uploads\/Beitragsordnung_2022.pdf\" target=\"_blank\" rel=\"noopener noreferrer\">Beitragsordnung<\/a><\/p>\n<p>Die Satzung unseres Vereins:<br \/>\n<a href=\"http:\/\/www.tc-karlsruhe-west.de\/wp-content\/uploads\/Vereinssatzung.pdf\" target=\"_blank\" rel=\"noopener noreferrer\">Vereinssatzung<\/a><\/p>\n<p>Spielberichtsbogen zum Ausdrucken und Ausf\u00fcllen:<br \/>\n<a href=\"http:\/\/www.tc-karlsruhe-west.de\/wp-content\/uploads\/Spielberichtsbogen-Vorlage.pdf\" target=\"_blank\" rel=\"noopener noreferrer\">Spielberichtsbogen (Vorlage)<\/a><\/p>\n<p>Ausgef\u00fcllter Spielberichtsbogen zum Nachvollziehen<a href=\"http:\/\/www.tc-karlsruhe-west.de\/wp-content\/uploads\/Spielberichtsbogen-Vorlage.pdf\">:<br \/>\n<\/a><a href=\"http:\/\/www.tc-karlsruhe-west.de\/wp-content\/uploads\/Spielberichtsbogen-Musterbeispiel.pdf\" target=\"_blank\" rel=\"noopener noreferrer\">Spielberichtsbogen (Musterbeispiel)<\/a><\/p>\n<p>Link zur Ergebniseingabe nach den Heimspielen (BTV):<a href=\"http:\/\/baden.liga.nu\/\" target=\"_blank\" rel=\"noopener noreferrer\"><br \/>\nErgebniseingabe<\/a><\/p>\n<p>Link zum Ergebnisdienst unserer Mannschaften (BTV):<a href=\"http:\/\/baden.liga.nu\/cgi-bin\/WebObjects\/TennisLeagueTVR.woa\/wa\/clubTeams?club=33362\" target=\"_blank\" rel=\"noopener noreferrer\"><br \/>\nErgebnisdienst<\/a><\/p>\n<p>Link zur Spielersuche (BTV):<a href=\"http:\/\/baden.liga.nu\/cgi-bin\/WebObjects\/TennisLeagueTVR.woa\/wa\/playerSearch?federation=BAD&amp;region=DE.SW.BAD\" target=\"_blank\" rel=\"noopener noreferrer\"><br \/>\nSpielersuche<\/a><\/p>\n<p>Link zum aktuellen Turnierkalender im Verband Baden:<a href=\"http:\/\/baden.liga.nu\/cgi-bin\/WebObjects\/TennisLeagueTVR.woa\/wa\/tournamentCalendar?federation=BAD\" target=\"_blank\" rel=\"noopener noreferrer\"><br \/>\nTurnierkalender Baden<\/a><\/p>\n<p>Informationen zum LK-System:<a href=\"http:\/\/www.tc-karlsruhe-west.de\/wp-content\/uploads\/DTB-LK-Durchf\u00fchrungsbestimmungen.pdf\" target=\"_blank\" rel=\"noopener noreferrer\"><br \/>\nDTB-LK-Durchf\u00fchrungsbestimmungen<\/a><br \/>\n<a href=\"http:\/\/www.tc-karlsruhe-west.de\/wp-content\/uploads\/Leistungsklassenordnung.pdf\" target=\"_blank\" rel=\"noopener noreferrer\">Leistungsklassenordnung<\/a><\/p>\n<p>Ordnungsgeldkatalog Badischer Tennisverband (ohne Gew\u00e4hr, Stand: 21.02.18)<br \/>\n<a href=\"http:\/\/www.tc-karlsruhe-west.de\/wp-content\/uploads\/Ordnungsgeldkatalog-BTV.pdf\" target=\"_blank\" rel=\"noopener noreferrer\">Ordnungsgeldkatalog BTV<\/a><\/p>\n","protected":false},"excerpt":{"rendered":"<p>Alle Jahresbeitr\u00e4ge in der \u00dcbersicht: Beitragsordnung Die Satzung unseres Vereins: Vereinssatzung Spielberichtsbogen zum Ausdrucken und Ausf\u00fcllen: Spielberichtsbogen (Vorlage) Ausgef\u00fcllter Spielberichtsbogen zum Nachvollziehen: Spielberichtsbogen (Musterbeispiel) Link zur Ergebniseingabe nach den Heimspielen (BTV): Ergebniseingabe Link zum Ergebnisdienst unserer Mannschaften (BTV): Ergebnisdienst Link zur Spielersuche (BTV): Spielersuche Link zum aktuellen Turnierkalender im Verband Baden: Turnierkalender Baden Informationen zum <a class=\"more-link\" href=\"https:\/\/www.tc-karlsruhe-west.de\/?page_id=862\">weiterlesen&#8230;<\/a><\/p>\n","protected":false},"author":1,"featured_media":0,"parent":0,"menu_order":0,"comment_status":"closed","ping_status":"closed","template":"","meta":{"_bbp_topic_count":0,"_bbp_reply_count":0,"_bbp_total_topic_count":0,"_bbp_total_reply_count":0,"_bbp_voice_count":0,"_bbp_anonymous_reply_count":0,"_bbp_topic_count_hidden":0,"_bbp_reply_count_hidden":0,"_bbp_forum_subforum_count":0,"ngg_post_thumbnail":0},"_links":{"self":[{"href":"https:\/\/www.tc-karlsruhe-west.de\/index.php?rest_route=\/wp\/v2\/pages\/862"}],"collection":[{"href":"https:\/\/www.tc-karlsruhe-west.de\/index.php?rest_route=\/wp\/v2\/pages"}],"about":[{"href":"https:\/\/www.tc-karlsruhe-west.de\/index.php?rest_route=\/wp\/v2\/types\/page"}],"author":[{"embeddable":true,"href":"https:\/\/www.tc-karlsruhe-west.de\/index.php?rest_route=\/wp\/v2\/users\/1"}],"replies":[{"embeddable":true,"href":"https:\/\/www.tc-karlsruhe-west.de\/index.php?rest_route=%2Fwp%2Fv2%2Fcomments&post=862"}],"version-history":[{"count":25,"href":"https:\/\/www.tc-karlsruhe-west.de\/index.php?rest_route=\/wp\/v2\/pages\/862\/revisions"}],"predecessor-version":[{"id":5646,"href":"https:\/\/www.tc-karlsruhe-west.de\/index.php?rest_route=\/wp\/v2\/pages\/862\/revisions\/5646"}],"wp:attachment":[{"href":"https:\/\/www.tc-karlsruhe-west.de\/index.php?rest_route=%2Fwp%2Fv2%2Fmedia&parent=862"}],"curies":[{"name":"wp","href":"https:\/\/api.w.org\/{rel}","templated":true}]}}