{"id":562,"date":"2016-08-24T16:50:56","date_gmt":"2016-08-24T14:50:56","guid":{"rendered":"http:\/\/www.tc-karlsruhe-west.de\/?page_id=562"},"modified":"2023-07-16T13:29:36","modified_gmt":"2023-07-16T11:29:36","slug":"impressum-2","status":"publish","type":"page","link":"https:\/\/www.tc-karlsruhe-west.de\/?page_id=562","title":{"rendered":"Impressum"},"content":{"rendered":"<p>&nbsp;<\/p>\r\n\r\n<p>Auf dieser Seite finden Sie die Kontaktdaten der f\u00fcr diese Webseite verantwortlichen Personen.<\/p>\r\n\r\n\r\n\r\n<div class=\"su-spacer\" style=\"height:20px\"><\/div>\r\n\r\n\r\n\r\n<h4><strong>Realisierung:<\/strong><\/h4>\r\n\r\n\r\n\r\n<p>Tobias Schlick<br>Daniel Heimburger<br>Julian Leinweber<\/p>\r\n\r\n\r\n\r\n<div class=\"su-spacer\" style=\"height:20px\"><\/div>\r\n\r\n\r\n\r\n<h4><strong>Verantwortlich f\u00fcr den Inhalt im Sinne des Presserechts:<\/strong><\/h4>\r\n\r\n\r\n\r\n<p>Marlene Kurtz<br>Sedanstra\u00dfe 18<br>76185 Karlsruhe<br>E-Mail: praesident@tc-karlsruhe-west.de<\/p>\r\n\r\n\r\n\r\n<div class=\"su-spacer\" style=\"height:20px\"><\/div>\r\n\r\n\r\n\r\n<h4><strong>Rechtliches:<\/strong><\/h4>\r\n\r\n\r\n\r\n<p>Der Inhalt dieser Seiten ist urheberrechtlich gesch\u00fctzt. Das Kopieren von Fotos und Daten, insbesondere von vereinsspezifischen Grafiken, Texten etc. ist ohne ausdr\u00fcckliche Genehmigung des Vereins nicht gestattet. Bei Beitr\u00e4gen aus fremden Quellen ist die Quellenangabe zu beachten.&nbsp;Soweit die Inhalte auf dieser Seite nicht vom Betreiber erstellt wurden, werden die Urheberrechte Dritter beachtet. Insbesondere werden Inhalte Dritter als solche gekennzeichnet. Sollten Sie trotzdem auf eine Urheberrechtsverletzung aufmerksam werden, bitten wir um einen entsprechenden Hinweis. Bei Bekanntwerden von Rechtsverletzungen werden wir derartige Inhalte umgehend entfernen.<\/p>\r\n\r\n\r\n\r\n<div class=\"su-spacer\" style=\"height:20px\"><\/div>\r\n\r\n\r\n\r\n<h4><strong>Haftungshinweis:<\/strong><\/h4>\r\n\r\n\r\n\r\n<p>Alle Angaben (insbesondere Preise, Reservationen, Onlineberechnungen und Termine) sind ohne Gew\u00e4hr.<br>Trotz sorgf\u00e4ltiger inhaltlicher Kontrolle \u00fcbernehmen wir keine Haftung f\u00fcr die Inhalte externer Links. F\u00fcr deren Inhalt sind ausschlie\u00dflich deren Betreiber verantwortlich. Es wird jegliche Haftung f\u00fcr Inhalte Dritter, die \u00fcber diese Homepage aufgerufen werden k\u00f6nnen, abgelehnt.<\/p>\r\n\r\n\r\n\r\n<div class=\"su-spacer\" style=\"height:20px\"><\/div>\r\n\r\n\r\n\r\n<h4><strong>Datenschutz:<\/strong><\/h4>\r\n\r\n\r\n\r\n<p>Die Nutzung unserer Webseite ist in der Regel ohne Angabe personenbezogener Daten m\u00f6glich. Soweit auf unseren Seiten personenbezogene Daten (beispielsweise Name, Anschrift oder eMail-Adressen) erhoben werden, erfolgt dies, soweit m\u00f6glich, stets auf freiwilliger Basis. Diese Daten werden ohne Ihre ausdr\u00fcckliche Zustimmung nicht an Dritte weitergegeben.&nbsp;<br>Wir weisen darauf hin, dass die Daten\u00fcbertragung im Internet (z.B. bei der Kommunikation per E-Mail) Sicherheitsl\u00fccken aufweisen kann. Ein l\u00fcckenloser Schutz der Daten vor dem Zugriff durch Dritte ist nicht m\u00f6glich.&nbsp;<br>Der Nutzung von im Rahmen der Impressumspflicht ver\u00f6ffentlichten Kontaktdaten durch Dritte zur \u00dcbersendung von nicht ausdr\u00fccklich angeforderter Werbung und Informationsmaterialien wird hiermit ausdr\u00fccklich widersprochen. Die Betreiber der Seiten behalten sich ausdr\u00fccklich rechtliche Schritte im Falle der unverlangten Zusendung von Werbeinformationen, etwa durch Spam-Mails, vor.<\/p>\r\n\r\n\r\n\r\n<p>Eine ausf\u00fchrliche Datenschutzerkl\u00e4rung nach gem\u00e4\u00df&nbsp;Art. 13 und 21 EU-Datenschutzgrundverordnung (EU-DSGVO) finden Sie <a href=\"http:\/\/www.tc-karlsruhe-west.de\/wp-content\/uploads\/Datenschutzerkl\u00e4rung_TCWest.pdf\">hier<\/a>.<\/p>\r\n","protected":false},"excerpt":{"rendered":"<p>&nbsp; Auf dieser Seite finden Sie die Kontaktdaten der f\u00fcr diese Webseite verantwortlichen Personen. Realisierung: Tobias SchlickDaniel HeimburgerJulian Leinweber Verantwortlich f\u00fcr den Inhalt im Sinne des Presserechts: Marlene KurtzSedanstra\u00dfe 1876185 KarlsruheE-Mail: praesident@tc-karlsruhe-west.de Rechtliches: Der Inhalt dieser Seiten ist urheberrechtlich gesch\u00fctzt. Das Kopieren von Fotos und Daten, insbesondere von vereinsspezifischen Grafiken, Texten etc. ist ohne ausdr\u00fcckliche <a class=\"more-link\" href=\"https:\/\/www.tc-karlsruhe-west.de\/?page_id=562\">weiterlesen&#8230;<\/a><\/p>\n","protected":false},"author":1,"featured_media":0,"parent":0,"menu_order":0,"comment_status":"closed","ping_status":"closed","template":"","meta":{"_bbp_topic_count":0,"_bbp_reply_count":0,"_bbp_total_topic_count":0,"_bbp_total_reply_count":0,"_bbp_voice_count":0,"_bbp_anonymous_reply_count":0,"_bbp_topic_count_hidden":0,"_bbp_reply_count_hidden":0,"_bbp_forum_subforum_count":0,"ngg_post_thumbnail":0},"_links":{"self":[{"href":"https:\/\/www.tc-karlsruhe-west.de\/index.php?rest_route=\/wp\/v2\/pages\/562"}],"collection":[{"href":"https:\/\/www.tc-karlsruhe-west.de\/index.php?rest_route=\/wp\/v2\/pages"}],"about":[{"href":"https:\/\/www.tc-karlsruhe-west.de\/index.php?rest_route=\/wp\/v2\/types\/page"}],"author":[{"embeddable":true,"href":"https:\/\/www.tc-karlsruhe-west.de\/index.php?rest_route=\/wp\/v2\/users\/1"}],"replies":[{"embeddable":true,"href":"https:\/\/www.tc-karlsruhe-west.de\/index.php?rest_route=%2Fwp%2Fv2%2Fcomments&post=562"}],"version-history":[{"count":8,"href":"https:\/\/www.tc-karlsruhe-west.de\/index.php?rest_route=\/wp\/v2\/pages\/562\/revisions"}],"predecessor-version":[{"id":5314,"href":"https:\/\/www.tc-karlsruhe-west.de\/index.php?rest_route=\/wp\/v2\/pages\/562\/revisions\/5314"}],"wp:attachment":[{"href":"https:\/\/www.tc-karlsruhe-west.de\/index.php?rest_route=%2Fwp%2Fv2%2Fmedia&parent=562"}],"curies":[{"name":"wp","href":"https:\/\/api.w.org\/{rel}","templated":true}]}}