{"id":56,"date":"2016-08-05T14:53:18","date_gmt":"2016-08-05T12:53:18","guid":{"rendered":"http:\/\/www.tc-karlsruhe-west.de\/?page_id=56"},"modified":"2023-10-15T11:13:03","modified_gmt":"2023-10-15T09:13:03","slug":"verein","status":"publish","type":"page","link":"https:\/\/www.tc-karlsruhe-west.de\/?page_id=56","title":{"rendered":"Verein"},"content":{"rendered":"<div style=\"width: 780px;\" class=\"wp-video\"><!--[if lt IE 9]><script>document.createElement('video');<\/script><![endif]-->\n<video class=\"wp-video-shortcode\" id=\"video-56-1\" width=\"780\" height=\"439\" preload=\"metadata\" controls=\"controls\"><source type=\"video\/mp4\" src=\"http:\/\/www.tc-karlsruhe-west.de\/wp-content\/uploads\/tc_west1.mp4?_=1\" \/><a href=\"http:\/\/www.tc-karlsruhe-west.de\/wp-content\/uploads\/tc_west1.mp4\">http:\/\/www.tc-karlsruhe-west.de\/wp-content\/uploads\/tc_west1.mp4<\/a><\/video><\/div>\r\n\r\n<div class=\"su-spacer\" style=\"height:20px\"><\/div>\r\n\r\n\r\n\r\n<div class=\"su-spacer\" style=\"height:20px\"><\/div>\r\n\r\n\r\n\r\n<h4><strong>Tennis<\/strong><\/h4>\r\n\r\n\r\n\r\n<p>Der Tennisclub Karlsruhe-West e.V. wurde 2004 gegr\u00fcndet. Seine Anlage befindet sich in der Berliner Stra\u00dfe 10 im Herzen der Nordweststadt. Vor seiner Selbstst\u00e4ndigkeit war er \u00fcber 30 Jahre die Tennisabteilung des KFV (Karlsruher Fu\u00dfballverein).<\/p>\r\n\r\n\r\n\r\n<p>Wir bieten Ihnen eine topgepflegte Anlage mit neun Sandpl\u00e4tzen. Im Fr\u00fchjahr 2017 wurde unser neues Vereinsheim eingeweiht.<\/p>\r\n\r\n\r\n\r\n<div class=\"su-spacer\" style=\"height:20px\"><\/div>\r\n\r\n\r\n\r\n<h4><strong>Turniere<\/strong><\/h4>\r\n\r\n\r\n\r\n<p>Der Tennisclub Karlsruhe-West ist sehr aktiv und f\u00fchrt in den Sommermonaten f\u00fcnf Turniere durch. Neben Leistungsklassen-Turnieren werden f\u00fcr unsere Mitglieder auch Spa\u00df-Turniere angeboten. So ist f\u00fcr jeden etwas dabei und jedes Mitglied hat die M\u00f6glichkeit, seine Tennisk\u00fcnste mit anderen zu messen.<\/p>\r\n\r\n\r\n\r\n<div class=\"su-spacer\" style=\"height:20px\"><\/div>\r\n\r\n\r\n\r\n<h4><strong>Mannschaften<\/strong><\/h4>\r\n\r\n\r\n\r\n<p>In der Sommersaison 2023 war der TC Karlsruhe-West mit insgesamt neun Mannschaften in der Medenrunde vertreten. Mehr zu unseren Mannschaften finden Sie auf der jeweiligen Mannschaftsseite.<\/p>\r\n\r\n\r\n\r\n<div class=\"su-spacer\" style=\"height:20px\"><\/div>\r\n\r\n\r\n\r\n<h4><strong>Feste<\/strong><\/h4>\r\n\r\n\r\n\r\n<p>Ob Fortuna-Cup, Jux-Turnier, Sommer- oder Herbstfest, bei Sport und Spa\u00df f\u00fchlen sich unsere Mitglieder und G\u00e4ste immer wohl. Ob als Zuschauer neben den Pl\u00e4tzen oder auf unserer sch\u00f6nen Terrasse vor dem neuen Clubhaus, es findet sich immer ein sonniges Pl\u00e4tzchen. Hier kann man herrlich entspannen und bei einem k\u00fchlen Bier oder Kaffee und Kuchen dem Treiben auf den Spielfeldern zuschauen.<\/p>\r\n\r\n\r\n\r\n<div class=\"su-spacer\" style=\"height:20px\"><\/div>\r\n\r\n\r\n\r\n<h4><strong>Boule<\/strong><\/h4>\r\n\r\n\r\n\r\n<p>Boule- bzw. Petanquespielern steht derzeit eine Bahn zur Verf\u00fcgung. Unsere Boulegruppe trifft sich jeden Donnerstag um 15 Uhr zum gemeinsamen Spiel. Kommen Sie einfach dazu.<\/p>\r\n","protected":false},"excerpt":{"rendered":"<p>Tennis Der Tennisclub Karlsruhe-West e.V. wurde 2004 gegr\u00fcndet. Seine Anlage befindet sich in der Berliner Stra\u00dfe 10 im Herzen der Nordweststadt. Vor seiner Selbstst\u00e4ndigkeit war er \u00fcber 30 Jahre die Tennisabteilung des KFV (Karlsruher Fu\u00dfballverein). Wir bieten Ihnen eine topgepflegte Anlage mit neun Sandpl\u00e4tzen. Im Fr\u00fchjahr 2017 wurde unser neues Vereinsheim eingeweiht. Turniere Der Tennisclub <a class=\"more-link\" href=\"https:\/\/www.tc-karlsruhe-west.de\/?page_id=56\">weiterlesen&#8230;<\/a><\/p>\n","protected":false},"author":1,"featured_media":4992,"parent":0,"menu_order":0,"comment_status":"closed","ping_status":"closed","template":"","meta":{"_bbp_topic_count":0,"_bbp_reply_count":0,"_bbp_total_topic_count":0,"_bbp_total_reply_count":0,"_bbp_voice_count":0,"_bbp_anonymous_reply_count":0,"_bbp_topic_count_hidden":0,"_bbp_reply_count_hidden":0,"_bbp_forum_subforum_count":0,"ngg_post_thumbnail":0},"_links":{"self":[{"href":"https:\/\/www.tc-karlsruhe-west.de\/index.php?rest_route=\/wp\/v2\/pages\/56"}],"collection":[{"href":"https:\/\/www.tc-karlsruhe-west.de\/index.php?rest_route=\/wp\/v2\/pages"}],"about":[{"href":"https:\/\/www.tc-karlsruhe-west.de\/index.php?rest_route=\/wp\/v2\/types\/page"}],"author":[{"embeddable":true,"href":"https:\/\/www.tc-karlsruhe-west.de\/index.php?rest_route=\/wp\/v2\/users\/1"}],"replies":[{"embeddable":true,"href":"https:\/\/www.tc-karlsruhe-west.de\/index.php?rest_route=%2Fwp%2Fv2%2Fcomments&post=56"}],"version-history":[{"count":19,"href":"https:\/\/www.tc-karlsruhe-west.de\/index.php?rest_route=\/wp\/v2\/pages\/56\/revisions"}],"predecessor-version":[{"id":5367,"href":"https:\/\/www.tc-karlsruhe-west.de\/index.php?rest_route=\/wp\/v2\/pages\/56\/revisions\/5367"}],"wp:featuredmedia":[{"embeddable":true,"href":"https:\/\/www.tc-karlsruhe-west.de\/index.php?rest_route=\/wp\/v2\/media\/4992"}],"wp:attachment":[{"href":"https:\/\/www.tc-karlsruhe-west.de\/index.php?rest_route=%2Fwp%2Fv2%2Fmedia&parent=56"}],"curies":[{"name":"wp","href":"https:\/\/api.w.org\/{rel}","templated":true}]}}