{"id":5560,"date":"2024-07-04T20:41:53","date_gmt":"2024-07-04T18:41:53","guid":{"rendered":"https:\/\/www.tc-karlsruhe-west.de\/?page_id=5560"},"modified":"2025-09-30T12:03:09","modified_gmt":"2025-09-30T10:03:09","slug":"faqs","status":"publish","type":"page","link":"https:\/\/www.tc-karlsruhe-west.de\/?page_id=5560","title":{"rendered":"FAQs"},"content":{"rendered":"<div><span style=\"font-size: 14pt;\"><b>Ich bin an einer Mitgliedschaft beim TC Karlsruhe-West interessiert. Welche Vorteile habe ich durch eine Mitgliedschaft?<\/b><\/span><\/div>\n<div>Neben zahlreichen Veranstaltungen des TC Karlsruhe-West, die wir w\u00e4hrend der Freiluftsaison (ca. April bis Oktober) auf unserer Anlage organisieren (z.B. Neumitgliederfest, Sommerfest, Oktoberfest &#8211; genaue Termine finden sich auf unserer Homepage) kann man kostenfrei die Pl\u00e4tze unserer Anlage nutzen. Zudem gibt es mehrere M\u00f6glichkeiten andere Mitglieder kennenzulernen und sich zum Tennisspielen zu verabreden. Au\u00dferdem bieten wir unterschiedliche Trainingsm\u00f6glichkeiten wie das Erwachsenentraining, die Teilnahme am vereinsinternen &#8220;Club-Ladder-Wettbewerb&#8221; oder auch individuelles Training bei unseren Trainern, das dann jedoch separat bezahlt werden muss.<\/div>\n<div>Nat\u00fcrlich kann man als Mitglied auch unseren Vereinsmannschaften beitreten und somit an den Medenspielen teilnehmen.<\/div>\n<div>Neben unseren Tennispl\u00e4tzen verf\u00fcgen wir auf unserer Anlage auch \u00fcber einen sch\u00f6nen Beachvolleyballplatz und eine Boulebahn, die nat\u00fcrlich ebenfalls kostenfrei genutzt werden k\u00f6nnen. Zudem k\u00f6nnt ihr als Mitglied unsere Anlage auch f\u00fcr das Spielen mit Nichtmitglieder nutzen. Hierf\u00fcr ist dann eine Gastkarte zu erwerben, die EUR 5,- pro Platzstunde kostet.<\/div>\n<div>&nbsp;<\/div>\n<div><span style=\"font-size: 14pt;\"><b>Welche Kosten kommen auf mich zu durch eine Mitgliedschaft bei Euch?<\/b><\/span><\/div>\n<div>Die regul\u00e4re Einzelmitgliedschaft f\u00fcr Erwachsene kostet EUR 200,- im Jahr. F\u00fcr Jugendliche (EUR 95,-), Studenten und Auszubildende (EUR 130,-) fallen geringere Geb\u00fchren an. Au\u00dferdem bieten wir Familienmitgliedschaften an, wodurch man eine 20% verg\u00fcnstigte Mitgliedschaft gegen\u00fcber der Einzelmitgliedschaft erh\u00e4lt. Im ersten Jahr bieten wir zudem eine um 50% reduzierte Schnuppermitgliedschaft an.<\/div>\n<div>&nbsp;<\/div>\n<div><span style=\"font-size: 14pt;\"><b>Ich w\u00fcrde gerne mein Kind bei Euch im Verein anmelden. Welche M\u00f6glichkeiten bietet Ihr f\u00fcr Kinder und Jugendliche?<\/b><\/span><\/div>\n<div>Neben den Erwachsenenmannschaften haben wir nat\u00fcrlich auch Jugendmannschaften, die sich im Wettbewerb mit anderen Vereinen messen. Zudem bieten wir im Sommer wie im Winter Training f\u00fcr Kinder und Jugendliche an. F\u00fcr weitere Informationen wendet Euch gerne an unsere Jugendw\u00e4rtin Victoria.<\/div>\n<div>&nbsp;<\/div>\n<div><span style=\"font-size: 14pt;\"><b>Ich bin neu in Karlsruhe und suche Spielpartner. Wie komme ich in Austausch mit anderen Mitgliedern, die Lust auf eine Runde Tennis haben?<\/b><\/span><\/div>\n<div>Einerseits bieten wir durch unseren vereinsinternen &#8220;Club-Ladder-Wettbewerb&#8221; die M\u00f6glichkeit f\u00fcr jeden, sich mit anderen Mitgliedern, die eine \u00e4hnliche Spielst\u00e4rke haben, digital zum Tennisspielen zu verabreden. Ansonsten bieten sich durch unsere zahlreichen Vereinsveranstaltungen, wie beispielsweise unser Neumitgliederfest im Juni, die M\u00f6glichkeit andere Mitglieder kennenzulernen und zum Tennisspielen zu verabreden. Keine Sorge&#8230;.vielen von uns ging es bereits \u00e4hnlich und es wurden bei uns schon viele Freundschaften geschlossen, die auch neben dem Tennisplatz bestand haben:).<\/div>\n<div>&nbsp;<\/div>\n<div><span style=\"font-size: 14pt;\"><b>Ich habe noch wenig\/keine Tenniserfahrung. Kann man bei Euch Equipment (Schl\u00e4ger, Schuhe, &#8230;) leihen?<\/b><\/span><\/div>\n<div>Wir empfehlen, sich sehr zeitnah das notwendige Equipment (Schl\u00e4ger, Tennisschuhe) zu beschaffen. Gebrauchte Tennisschl\u00e4ger k\u00f6nnen jedoch f\u00fcr die ersten Tenniseinheiten bei uns ausgeliehen werden.<\/div>\n<div>&nbsp;<\/div>\n<div><span style=\"font-size: 14pt;\"><b>Gibt es bei Euch die M\u00f6glichkeit an einem Tennistraining teilzunehmen?<\/b><\/span><\/div>\n<div>Insbesondere f\u00fcr Neulinge und Spieler mit wenig Erfahrung im Tennissport bieten wir jedes Jahr unser Erwachsenentraining an, bei dem ihr je nach Gruppengr\u00f6\u00dfe maximal EUR 120,- f\u00fcr 10 Trainingseinheiten (jeweils 1h) in Gruppengr\u00f6\u00dfen von 3-5 Personen bezahlt.<\/div>\n<div>Das Training beginnt in der Regel Ende April\/Anfang Mai und die Anmeldung hierf\u00fcr wieder etwa Mitte M\u00e4rz. Nach der Sommerpause starten wir im September in der Regel mit weiteren Trainingseinheiten, wozu ihr Euch etwa im Juli wieder anmelden k\u00f6nnt. Die Vereinsmitglieder werden \u00fcber die Anmeldem\u00f6glichkeiten per Rundmail informiert. Zudem k\u00f6nnen \u00fcber unsere Trainer auch Trainingsstunden vereinbart werden &#8211; Kontakte hierzu finden Sie auf unserer Homepage unter Training -&gt; Trainerteam.<\/div>\n<div>&nbsp;<\/div>\n<div><span style=\"font-size: 14pt;\"><b>Ich habe schon etwas Tenniserfahrung und w\u00fcrde gerne in einer Eurer Vereinsmannschaften mitspielen?<\/b><\/span><\/div>\n<div>Sehr gerne! Sprich hierzu einfach den Mannschaftsf\u00fchrer der jeweiligen Mannschaft an. Die Kontaktdaten findest Du auf unserer Homepage im Bereich Mannschaften.<\/div>\n<div>&nbsp;<\/div>\n<div><span style=\"font-size: 14pt;\"><b>Ich habe weitere Fragen zum Vereinsleben beim TC Karlsruhe-West und finde auf Eurer Homepage nicht die notwendigen Informationen?<\/b><\/span><\/div>\n<div>Wendet Euch gerne mit Fragen an unseren Vorstand. F\u00fcr alle sportlichen Themen k\u00f6nnt ihr Euch gerne bei unserem Sportwart Till (sport@tc-karlsruhe-west.de) melden. Bei Fragen rund um das Thema Jugend wendet Euch an unsere Jugendw\u00e4rtin Vicky (jugend@tc-karlsruhe-west.de). Alle Fragen rund um Eure Mitgliedschaft beantwortet Euch gerne unser zweiter Vorstand Julian (vize-praesident@tc-karlsruhe-west.de).<\/div>\n","protected":false},"excerpt":{"rendered":"<p>Ich bin an einer Mitgliedschaft beim TC Karlsruhe-West interessiert. Welche Vorteile habe ich durch eine Mitgliedschaft? Neben zahlreichen Veranstaltungen des TC Karlsruhe-West, die wir w\u00e4hrend der Freiluftsaison (ca. April bis Oktober) auf unserer Anlage organisieren (z.B. Neumitgliederfest, Sommerfest, Oktoberfest &#8211; genaue Termine finden sich auf unserer Homepage) kann man kostenfrei die Pl\u00e4tze unserer Anlage nutzen. <a class=\"more-link\" href=\"https:\/\/www.tc-karlsruhe-west.de\/?page_id=5560\">weiterlesen&#8230;<\/a><\/p>\n","protected":false},"author":21,"featured_media":0,"parent":0,"menu_order":0,"comment_status":"closed","ping_status":"closed","template":"","meta":{"_bbp_topic_count":0,"_bbp_reply_count":0,"_bbp_total_topic_count":0,"_bbp_total_reply_count":0,"_bbp_voice_count":0,"_bbp_anonymous_reply_count":0,"_bbp_topic_count_hidden":0,"_bbp_reply_count_hidden":0,"_bbp_forum_subforum_count":0,"ngg_post_thumbnail":0},"_links":{"self":[{"href":"https:\/\/www.tc-karlsruhe-west.de\/index.php?rest_route=\/wp\/v2\/pages\/5560"}],"collection":[{"href":"https:\/\/www.tc-karlsruhe-west.de\/index.php?rest_route=\/wp\/v2\/pages"}],"about":[{"href":"https:\/\/www.tc-karlsruhe-west.de\/index.php?rest_route=\/wp\/v2\/types\/page"}],"author":[{"embeddable":true,"href":"https:\/\/www.tc-karlsruhe-west.de\/index.php?rest_route=\/wp\/v2\/users\/21"}],"replies":[{"embeddable":true,"href":"https:\/\/www.tc-karlsruhe-west.de\/index.php?rest_route=%2Fwp%2Fv2%2Fcomments&post=5560"}],"version-history":[{"count":8,"href":"https:\/\/www.tc-karlsruhe-west.de\/index.php?rest_route=\/wp\/v2\/pages\/5560\/revisions"}],"predecessor-version":[{"id":5810,"href":"https:\/\/www.tc-karlsruhe-west.de\/index.php?rest_route=\/wp\/v2\/pages\/5560\/revisions\/5810"}],"wp:attachment":[{"href":"https:\/\/www.tc-karlsruhe-west.de\/index.php?rest_route=%2Fwp%2Fv2%2Fmedia&parent=5560"}],"curies":[{"name":"wp","href":"https:\/\/api.w.org\/{rel}","templated":true}]}}