{"id":4799,"date":"2021-03-09T18:00:37","date_gmt":"2021-03-09T17:00:37","guid":{"rendered":"http:\/\/www.tc-karlsruhe-west.de\/?page_id=4799"},"modified":"2021-03-09T18:18:45","modified_gmt":"2021-03-09T17:18:45","slug":"historie-des-sports","status":"publish","type":"page","link":"https:\/\/www.tc-karlsruhe-west.de\/?page_id=4799","title":{"rendered":"Historie des Sports"},"content":{"rendered":"\n<p>Beach Tennis hat seinen Ursprung in Italien, genauer an der italienischen Adriak\u00fcste. Schon in den 1980er Jahren wurden im Gebiet um Ravenna die ersten Beachfelder gebaut. Zun\u00e4chst spielten die Einheimischen hier Beachvolleyball. Parallel sieht man Kinder und Jugendliche mit Holzschl\u00e4gern Beachball spielen. Im Jahr 1988 wird Beachtennis zum ersten Mal als Turnier mit Tennisschl\u00e4gern und einem 180 Zentimeter hohen Netz am Strand von Grado\/Italien gespielt.<\/p>\n\n\n\n<p>Der DTB nahm die Trendsportart im Jahr 1998 in sein Regelwerk auf. In Deutschland wurde Beach Tennis anfangs noch mit Tennisschl\u00e4gern gespielt, mittlerweile hat man sich aber der internationalen Variante mit Paddles angepasst.<\/p>\n\n\n\n<p>Seit 2008 k\u00fcmmert sich auch die ITF um Beach Tennis und bringt den Sport mehr und mehr nach vorne. Seitdem steigt die Anzahl der Spieler und Turniere stetig &#8211; mittlerweile finden Events auf der ganzen Welt statt. Die Verantwortlichen der ITF versuchen weiter, einheitliche Regeln festzulegen und diese auch umsetzen zu lassen.<\/p>\n\n\n\n<p>In den letzten Jahren hat sich das Beach Tennis Nationalteam in der Weltspitze etabliert. Auch ein Jugendteam geht regelm\u00e4\u00dfig bei internationalen Wettk\u00e4mpfen an den Start.<\/p>\n\n\n\n<p>2017 wurde zudem erstmals ein hochdotiertes 15.000$ Turnier in Deutschland veranstaltet. Das Turnier fand in der Stadt Saarlouis statt und wurde mit den Deutschen Meisterschaften der Aktiven gekoppelt. [dtb.de]\n","protected":false},"excerpt":{"rendered":"<p>Beach Tennis hat seinen Ursprung in Italien, genauer an der italienischen Adriak\u00fcste. Schon in den 1980er Jahren wurden im Gebiet um Ravenna die ersten Beachfelder gebaut. Zun\u00e4chst spielten die Einheimischen hier Beachvolleyball. Parallel sieht man Kinder und Jugendliche mit Holzschl\u00e4gern Beachball spielen. Im Jahr 1988 wird Beachtennis zum ersten Mal als Turnier mit Tennisschl\u00e4gern und <a class=\"more-link\" href=\"https:\/\/www.tc-karlsruhe-west.de\/?page_id=4799\">weiterlesen&#8230;<\/a><\/p>\n","protected":false},"author":1,"featured_media":0,"parent":0,"menu_order":0,"comment_status":"closed","ping_status":"closed","template":"","meta":{"_bbp_topic_count":0,"_bbp_reply_count":0,"_bbp_total_topic_count":0,"_bbp_total_reply_count":0,"_bbp_voice_count":0,"_bbp_anonymous_reply_count":0,"_bbp_topic_count_hidden":0,"_bbp_reply_count_hidden":0,"_bbp_forum_subforum_count":0,"ngg_post_thumbnail":0},"_links":{"self":[{"href":"https:\/\/www.tc-karlsruhe-west.de\/index.php?rest_route=\/wp\/v2\/pages\/4799"}],"collection":[{"href":"https:\/\/www.tc-karlsruhe-west.de\/index.php?rest_route=\/wp\/v2\/pages"}],"about":[{"href":"https:\/\/www.tc-karlsruhe-west.de\/index.php?rest_route=\/wp\/v2\/types\/page"}],"author":[{"embeddable":true,"href":"https:\/\/www.tc-karlsruhe-west.de\/index.php?rest_route=\/wp\/v2\/users\/1"}],"replies":[{"embeddable":true,"href":"https:\/\/www.tc-karlsruhe-west.de\/index.php?rest_route=%2Fwp%2Fv2%2Fcomments&post=4799"}],"version-history":[{"count":1,"href":"https:\/\/www.tc-karlsruhe-west.de\/index.php?rest_route=\/wp\/v2\/pages\/4799\/revisions"}],"predecessor-version":[{"id":4800,"href":"https:\/\/www.tc-karlsruhe-west.de\/index.php?rest_route=\/wp\/v2\/pages\/4799\/revisions\/4800"}],"wp:attachment":[{"href":"https:\/\/www.tc-karlsruhe-west.de\/index.php?rest_route=%2Fwp%2Fv2%2Fmedia&parent=4799"}],"curies":[{"name":"wp","href":"https:\/\/api.w.org\/{rel}","templated":true}]}}