{"id":4797,"date":"2021-03-09T17:58:20","date_gmt":"2021-03-09T16:58:20","guid":{"rendered":"http:\/\/www.tc-karlsruhe-west.de\/?page_id=4797"},"modified":"2026-04-29T10:19:51","modified_gmt":"2026-04-29T08:19:51","slug":"spielbetrieb","status":"publish","type":"page","link":"https:\/\/www.tc-karlsruhe-west.de\/?page_id=4797","title":{"rendered":"Platznutzung"},"content":{"rendered":"\r\n<p>Da die Kapazit\u00e4ten bei (bisher) nur einem Platz sehr begrenzt sind, kannst du im <a href=\"https:\/\/tc-karlsruhe-west.ebusy.de\/\">Online-Reservierungssystem<\/a> deine pers\u00f6nliche Wunschzeit ausw\u00e4hlen und reservieren. Schl\u00e4ger und B\u00e4lle liegen f\u00fcr euch im Clubhaus neben der K\u00fcche bereit.<\/p>\r\n<p>Die Benutzung des Beachplatzes ist f\u00fcr unsere Mitglieder <strong>kostenfrei<\/strong>.<\/p>\r\n<p>Nicht-Mitgliedern ist die Nutzung des Beachplatzes untersagt.<\/p>\r\n\r\n\r\n\r\n\r\n\r\n\r\n\r\n<p>&nbsp;<\/p>\r\n","protected":false},"excerpt":{"rendered":"<p>Da die Kapazit\u00e4ten bei (bisher) nur einem Platz sehr begrenzt sind, kannst du im Online-Reservierungssystem deine pers\u00f6nliche Wunschzeit ausw\u00e4hlen und reservieren. Schl\u00e4ger und B\u00e4lle liegen f\u00fcr euch im Clubhaus neben der K\u00fcche bereit. Die Benutzung des Beachplatzes ist f\u00fcr unsere Mitglieder kostenfrei. Nicht-Mitgliedern ist die Nutzung des Beachplatzes untersagt. &nbsp;<\/p>\n","protected":false},"author":1,"featured_media":0,"parent":0,"menu_order":0,"comment_status":"closed","ping_status":"closed","template":"","meta":{"_bbp_topic_count":0,"_bbp_reply_count":0,"_bbp_total_topic_count":0,"_bbp_total_reply_count":0,"_bbp_voice_count":0,"_bbp_anonymous_reply_count":0,"_bbp_topic_count_hidden":0,"_bbp_reply_count_hidden":0,"_bbp_forum_subforum_count":0,"ngg_post_thumbnail":0},"_links":{"self":[{"href":"https:\/\/www.tc-karlsruhe-west.de\/index.php?rest_route=\/wp\/v2\/pages\/4797"}],"collection":[{"href":"https:\/\/www.tc-karlsruhe-west.de\/index.php?rest_route=\/wp\/v2\/pages"}],"about":[{"href":"https:\/\/www.tc-karlsruhe-west.de\/index.php?rest_route=\/wp\/v2\/types\/page"}],"author":[{"embeddable":true,"href":"https:\/\/www.tc-karlsruhe-west.de\/index.php?rest_route=\/wp\/v2\/users\/1"}],"replies":[{"embeddable":true,"href":"https:\/\/www.tc-karlsruhe-west.de\/index.php?rest_route=%2Fwp%2Fv2%2Fcomments&post=4797"}],"version-history":[{"count":12,"href":"https:\/\/www.tc-karlsruhe-west.de\/index.php?rest_route=\/wp\/v2\/pages\/4797\/revisions"}],"predecessor-version":[{"id":5903,"href":"https:\/\/www.tc-karlsruhe-west.de\/index.php?rest_route=\/wp\/v2\/pages\/4797\/revisions\/5903"}],"wp:attachment":[{"href":"https:\/\/www.tc-karlsruhe-west.de\/index.php?rest_route=%2Fwp%2Fv2%2Fmedia&parent=4797"}],"curies":[{"name":"wp","href":"https:\/\/api.w.org\/{rel}","templated":true}]}}