{"id":4247,"date":"2020-02-23T13:27:14","date_gmt":"2020-02-23T12:27:14","guid":{"rendered":"http:\/\/www.tc-karlsruhe-west.de\/?page_id=4247"},"modified":"2023-10-07T19:36:01","modified_gmt":"2023-10-07T17:36:01","slug":"schnupperkurs","status":"publish","type":"page","link":"https:\/\/www.tc-karlsruhe-west.de\/?page_id=4247","title":{"rendered":"Schnupperkurs"},"content":{"rendered":"\r\n<p>Um den Verein und das Tennisspielen kennenzulernen, bieten wir Schnupperkurse f\u00fcr Spielerinnen und Spieler mit unterschiedlichen Erfahrungsstufen in allen Altersklassen an. Eine Teilnahme ist f\u00fcr jede und jeden m\u00f6glich &#8211; egal ob bereits erste Tenniserfahrungen vorhanden sind oder ob Du das Tennisspielen von Grund auf lernen m\u00f6chtest. Das Schnuppertraining findet dabei in Gruppen<\/p>\r\n<p class=\"has-vivid-red-color has-text-color\"><span class=\"has-inline-color has-black-color\">Weitere Informationen zu den Schnupperkursen werden immer zum Beginn der Sommersaison ver\u00f6ffentlicht. <\/span><\/p>\r\n\r\n\r\n\r\n<div class=\"su-spacer\" style=\"height:20px\"><\/div>\r\n\r\n\r\n\r\n<h4><strong>Zeitraum<\/strong><\/h4>\r\n\r\n\r\n\r\n<p>Schnupperkurse finden immer ab Mai statt. Die Schnupperkurse umfassen 10 Trainingsstunden \u00fcber die ersten 10 Saisonwochen.<\/p>\r\n\r\n\r\n\r\n<div class=\"su-spacer\" style=\"height:20px\"><\/div>\r\n\r\n\r\n\r\n<h4><strong>Kosten<\/strong><\/h4>\r\n\r\n\r\n\r\n<p>DIe Kosten sind abh\u00e4ngig von den Gruppengr\u00f6\u00dfen (ca. 80 &#8211; 100\u20ac).<\/p>\r\n\r\n\r\n\r\n<div class=\"su-spacer\" style=\"height:20px\"><\/div>\r\n\r\n\r\n\r\n<h4><strong>Und wie geht es weiter?<\/strong><\/h4>\r\n\r\n\r\n\r\n<p>Sollte euch der Schnupperkurs gefallen haben, besteht die M\u00f6glichkeit, in den Pfingst- oder Sommerferien am Tenniscamp teilzunehmen. Auch ein Einstieg in das regul\u00e4re Sommertraining ist m\u00f6glich.<\/p>\r\n\r\n\r\n\r\n<div class=\"su-spacer\" style=\"height:20px\"><\/div>\r\n\r\n\r\n\r\n<h4><strong>Anmeldung und Kontakt<\/strong><\/h4>\r\n\r\n\r\n\r\n<p>Ein Anmeldeformular wird in K\u00fcrze ver\u00f6ffentlicht. Fragen k\u00f6nnt ihr jederzeit gerne an &#8220;geschaeftsstelle@tc-karlsruhe-west.de&#8221; schreiben.<\/p>\r\n\r\n\r\n\r\n<p>&nbsp;<\/p>\r\n","protected":false},"excerpt":{"rendered":"<p>Um den Verein und das Tennisspielen kennenzulernen, bieten wir Schnupperkurse f\u00fcr Spielerinnen und Spieler mit unterschiedlichen Erfahrungsstufen in allen Altersklassen an. Eine Teilnahme ist f\u00fcr jede und jeden m\u00f6glich &#8211; egal ob bereits erste Tenniserfahrungen vorhanden sind oder ob Du das Tennisspielen von Grund auf lernen m\u00f6chtest. Das Schnuppertraining findet dabei in Gruppen Weitere Informationen <a class=\"more-link\" href=\"https:\/\/www.tc-karlsruhe-west.de\/?page_id=4247\">weiterlesen&#8230;<\/a><\/p>\n","protected":false},"author":2,"featured_media":0,"parent":0,"menu_order":0,"comment_status":"closed","ping_status":"closed","template":"","meta":{"_bbp_topic_count":0,"_bbp_reply_count":0,"_bbp_total_topic_count":0,"_bbp_total_reply_count":0,"_bbp_voice_count":0,"_bbp_anonymous_reply_count":0,"_bbp_topic_count_hidden":0,"_bbp_reply_count_hidden":0,"_bbp_forum_subforum_count":0,"ngg_post_thumbnail":0},"_links":{"self":[{"href":"https:\/\/www.tc-karlsruhe-west.de\/index.php?rest_route=\/wp\/v2\/pages\/4247"}],"collection":[{"href":"https:\/\/www.tc-karlsruhe-west.de\/index.php?rest_route=\/wp\/v2\/pages"}],"about":[{"href":"https:\/\/www.tc-karlsruhe-west.de\/index.php?rest_route=\/wp\/v2\/types\/page"}],"author":[{"embeddable":true,"href":"https:\/\/www.tc-karlsruhe-west.de\/index.php?rest_route=\/wp\/v2\/users\/2"}],"replies":[{"embeddable":true,"href":"https:\/\/www.tc-karlsruhe-west.de\/index.php?rest_route=%2Fwp%2Fv2%2Fcomments&post=4247"}],"version-history":[{"count":17,"href":"https:\/\/www.tc-karlsruhe-west.de\/index.php?rest_route=\/wp\/v2\/pages\/4247\/revisions"}],"predecessor-version":[{"id":5358,"href":"https:\/\/www.tc-karlsruhe-west.de\/index.php?rest_route=\/wp\/v2\/pages\/4247\/revisions\/5358"}],"wp:attachment":[{"href":"https:\/\/www.tc-karlsruhe-west.de\/index.php?rest_route=%2Fwp%2Fv2%2Fmedia&parent=4247"}],"curies":[{"name":"wp","href":"https:\/\/api.w.org\/{rel}","templated":true}]}}