{"id":3198,"date":"2018-05-14T22:19:10","date_gmt":"2018-05-14T20:19:10","guid":{"rendered":"http:\/\/www.tc-karlsruhe-west.de\/?page_id=3198"},"modified":"2018-05-14T23:33:09","modified_gmt":"2018-05-14T21:33:09","slug":"faecherstadt-turnier","status":"publish","type":"page","link":"https:\/\/www.tc-karlsruhe-west.de\/?page_id=3198","title":{"rendered":"F\u00e4cherstadt Turnier"},"content":{"rendered":"<p>Dies ist eine Auswahl der Bilder die w\u00e4hrend des Turniers gemacht wurden. Wenn du Zugriff auf alle Bilder des Turnier m\u00f6chtest, schreib einfach eine E-Mail an &#8220;jugend@tc-karlsruhe-west.de&#8221;.<\/p>\n<!-- index.php -->\n<div\n\tclass=\"ngg-galleryoverview ngg-ajax-pagination-none\"\n\tid=\"ngg-gallery-ec06654c9031eb501de5add2f72afba2-1\">\n\n    \t<div class=\"slideshowlink\">\n        <a href='https:\/\/www.tc-karlsruhe-west.de\/index.php\/nggallery\/slideshow?page_id=3198'>[Zeige eine Slideshow]<\/a>\n\t\t\n\t<\/div>\n\t\t\t<!-- Thumbnails -->\n\t\t\t\t<div id=\"ngg-image-0\" class=\"ngg-gallery-thumbnail-box\" >\n\t\t\t\t        <div class=\"ngg-gallery-thumbnail\">\n            <a href=\"https:\/\/www.tc-karlsruhe-west.de\/wp-content\/gallery\/faecherstadt-turnier\/2.-Platz.JPG\"\n               title=\"\"\n               data-src=\"https:\/\/www.tc-karlsruhe-west.de\/wp-content\/gallery\/faecherstadt-turnier\/2.-Platz.JPG\"\n               data-thumbnail=\"https:\/\/www.tc-karlsruhe-west.de\/wp-content\/gallery\/faecherstadt-turnier\/thumbs\/thumbs_2.-Platz.JPG\"\n               data-image-id=\"278\"\n               data-title=\"2. Platz\"\n               data-description=\"\"\n               data-image-slug=\"2-platz-1\"\n               class=\"ngg-fancybox\" rel=\"ec06654c9031eb501de5add2f72afba2\">\n                <img\n                    title=\"2. Platz\"\n                    alt=\"2. Platz\"\n                    src=\"https:\/\/www.tc-karlsruhe-west.de\/wp-content\/gallery\/faecherstadt-turnier\/thumbs\/thumbs_2.-Platz.JPG\"\n                    width=\"240\"\n                    height=\"160\"\n                    style=\"max-width:100%;\"\n                \/>\n            <\/a>\n        <\/div>\n\t\t\t\t\t\t\t<\/div> \n\t\t\t\n        \n\t\t\t\t<div id=\"ngg-image-1\" class=\"ngg-gallery-thumbnail-box\" >\n\t\t\t\t        <div class=\"ngg-gallery-thumbnail\">\n            <a href=\"https:\/\/www.tc-karlsruhe-west.de\/wp-content\/gallery\/faecherstadt-turnier\/3.-Platz.JPG\"\n               title=\"\"\n               data-src=\"https:\/\/www.tc-karlsruhe-west.de\/wp-content\/gallery\/faecherstadt-turnier\/3.-Platz.JPG\"\n               data-thumbnail=\"https:\/\/www.tc-karlsruhe-west.de\/wp-content\/gallery\/faecherstadt-turnier\/thumbs\/thumbs_3.-Platz.JPG\"\n               data-image-id=\"279\"\n               data-title=\"3. Platz\"\n               data-description=\"\"\n               data-image-slug=\"3-platz-1\"\n               class=\"ngg-fancybox\" rel=\"ec06654c9031eb501de5add2f72afba2\">\n                <img\n                    title=\"3. Platz\"\n                    alt=\"3. Platz\"\n                    src=\"https:\/\/www.tc-karlsruhe-west.de\/wp-content\/gallery\/faecherstadt-turnier\/thumbs\/thumbs_3.-Platz.JPG\"\n                    width=\"240\"\n                    height=\"160\"\n                    style=\"max-width:100%;\"\n                \/>\n            <\/a>\n        <\/div>\n\t\t\t\t\t\t\t<\/div> \n\t\t\t\n        \n\t\t\t\t<div id=\"ngg-image-2\" class=\"ngg-gallery-thumbnail-box\" >\n\t\t\t\t        <div class=\"ngg-gallery-thumbnail\">\n            <a href=\"https:\/\/www.tc-karlsruhe-west.de\/wp-content\/gallery\/faecherstadt-turnier\/1.-Platz.JPG\"\n               title=\"\"\n               data-src=\"https:\/\/www.tc-karlsruhe-west.de\/wp-content\/gallery\/faecherstadt-turnier\/1.-Platz.JPG\"\n               data-thumbnail=\"https:\/\/www.tc-karlsruhe-west.de\/wp-content\/gallery\/faecherstadt-turnier\/thumbs\/thumbs_1.-Platz.JPG\"\n               data-image-id=\"280\"\n               data-title=\"1. Platz\"\n               data-description=\"\"\n               data-image-slug=\"1-platz-1\"\n               class=\"ngg-fancybox\" rel=\"ec06654c9031eb501de5add2f72afba2\">\n                <img\n                    title=\"1. Platz\"\n                    alt=\"1. Platz\"\n                    src=\"https:\/\/www.tc-karlsruhe-west.de\/wp-content\/gallery\/faecherstadt-turnier\/thumbs\/thumbs_1.-Platz.JPG\"\n                    width=\"240\"\n                    height=\"160\"\n                    style=\"max-width:100%;\"\n                \/>\n            <\/a>\n        <\/div>\n\t\t\t\t\t\t\t<\/div> \n\t\t\t\n        \n\t\t\t\t<div id=\"ngg-image-3\" class=\"ngg-gallery-thumbnail-box\" >\n\t\t\t\t        <div class=\"ngg-gallery-thumbnail\">\n            <a href=\"https:\/\/www.tc-karlsruhe-west.de\/wp-content\/gallery\/faecherstadt-turnier\/IMG_4175.JPG\"\n               title=\"\"\n               data-src=\"https:\/\/www.tc-karlsruhe-west.de\/wp-content\/gallery\/faecherstadt-turnier\/IMG_4175.JPG\"\n               data-thumbnail=\"https:\/\/www.tc-karlsruhe-west.de\/wp-content\/gallery\/faecherstadt-turnier\/thumbs\/thumbs_IMG_4175.JPG\"\n               data-image-id=\"281\"\n               data-title=\"IMG_4175\"\n               data-description=\"\"\n               data-image-slug=\"img_4175\"\n               class=\"ngg-fancybox\" rel=\"ec06654c9031eb501de5add2f72afba2\">\n                <img\n                    title=\"IMG_4175\"\n                    alt=\"IMG_4175\"\n                    src=\"https:\/\/www.tc-karlsruhe-west.de\/wp-content\/gallery\/faecherstadt-turnier\/thumbs\/thumbs_IMG_4175.JPG\"\n                    width=\"240\"\n                    height=\"160\"\n                    style=\"max-width:100%;\"\n                \/>\n            <\/a>\n        <\/div>\n\t\t\t\t\t\t\t<\/div> \n\t\t\t\n        \n\t\t\t\t<div id=\"ngg-image-4\" class=\"ngg-gallery-thumbnail-box\" >\n\t\t\t\t        <div class=\"ngg-gallery-thumbnail\">\n            <a href=\"https:\/\/www.tc-karlsruhe-west.de\/wp-content\/gallery\/faecherstadt-turnier\/IMG_4180.JPG\"\n               title=\"\"\n               data-src=\"https:\/\/www.tc-karlsruhe-west.de\/wp-content\/gallery\/faecherstadt-turnier\/IMG_4180.JPG\"\n               data-thumbnail=\"https:\/\/www.tc-karlsruhe-west.de\/wp-content\/gallery\/faecherstadt-turnier\/thumbs\/thumbs_IMG_4180.JPG\"\n               data-image-id=\"282\"\n               data-title=\"IMG_4180\"\n               data-description=\"\"\n               data-image-slug=\"img_4180\"\n               class=\"ngg-fancybox\" rel=\"ec06654c9031eb501de5add2f72afba2\">\n                <img\n                    title=\"IMG_4180\"\n                    alt=\"IMG_4180\"\n                    src=\"https:\/\/www.tc-karlsruhe-west.de\/wp-content\/gallery\/faecherstadt-turnier\/thumbs\/thumbs_IMG_4180.JPG\"\n                    width=\"240\"\n                    height=\"160\"\n                    style=\"max-width:100%;\"\n                \/>\n            <\/a>\n        <\/div>\n\t\t\t\t\t\t\t<\/div> \n\t\t\t\n        \n\t\t\t\t<div id=\"ngg-image-5\" class=\"ngg-gallery-thumbnail-box\" >\n\t\t\t\t        <div class=\"ngg-gallery-thumbnail\">\n            <a href=\"https:\/\/www.tc-karlsruhe-west.de\/wp-content\/gallery\/faecherstadt-turnier\/IMG_4211.JPG\"\n               title=\"\"\n               data-src=\"https:\/\/www.tc-karlsruhe-west.de\/wp-content\/gallery\/faecherstadt-turnier\/IMG_4211.JPG\"\n               data-thumbnail=\"https:\/\/www.tc-karlsruhe-west.de\/wp-content\/gallery\/faecherstadt-turnier\/thumbs\/thumbs_IMG_4211.JPG\"\n               data-image-id=\"283\"\n               data-title=\"IMG_4211\"\n               data-description=\"\"\n               data-image-slug=\"img_4211\"\n               class=\"ngg-fancybox\" rel=\"ec06654c9031eb501de5add2f72afba2\">\n                <img\n                    title=\"IMG_4211\"\n                    alt=\"IMG_4211\"\n                    src=\"https:\/\/www.tc-karlsruhe-west.de\/wp-content\/gallery\/faecherstadt-turnier\/thumbs\/thumbs_IMG_4211.JPG\"\n                    width=\"240\"\n                    height=\"160\"\n                    style=\"max-width:100%;\"\n                \/>\n            <\/a>\n        <\/div>\n\t\t\t\t\t\t\t<\/div> \n\t\t\t\n        \n\t\t\t\t<div id=\"ngg-image-6\" class=\"ngg-gallery-thumbnail-box\" >\n\t\t\t\t        <div class=\"ngg-gallery-thumbnail\">\n            <a href=\"https:\/\/www.tc-karlsruhe-west.de\/wp-content\/gallery\/faecherstadt-turnier\/IMG_4221.JPG\"\n               title=\"\"\n               data-src=\"https:\/\/www.tc-karlsruhe-west.de\/wp-content\/gallery\/faecherstadt-turnier\/IMG_4221.JPG\"\n               data-thumbnail=\"https:\/\/www.tc-karlsruhe-west.de\/wp-content\/gallery\/faecherstadt-turnier\/thumbs\/thumbs_IMG_4221.JPG\"\n               data-image-id=\"284\"\n               data-title=\"IMG_4221\"\n               data-description=\"\"\n               data-image-slug=\"img_4221\"\n               class=\"ngg-fancybox\" rel=\"ec06654c9031eb501de5add2f72afba2\">\n                <img\n                    title=\"IMG_4221\"\n                    alt=\"IMG_4221\"\n                    src=\"https:\/\/www.tc-karlsruhe-west.de\/wp-content\/gallery\/faecherstadt-turnier\/thumbs\/thumbs_IMG_4221.JPG\"\n                    width=\"240\"\n                    height=\"160\"\n                    style=\"max-width:100%;\"\n                \/>\n            <\/a>\n        <\/div>\n\t\t\t\t\t\t\t<\/div> \n\t\t\t\n        \n\t\t\t\t<div id=\"ngg-image-7\" class=\"ngg-gallery-thumbnail-box\" >\n\t\t\t\t        <div class=\"ngg-gallery-thumbnail\">\n            <a href=\"https:\/\/www.tc-karlsruhe-west.de\/wp-content\/gallery\/faecherstadt-turnier\/IMG_4230.JPG\"\n               title=\"\"\n               data-src=\"https:\/\/www.tc-karlsruhe-west.de\/wp-content\/gallery\/faecherstadt-turnier\/IMG_4230.JPG\"\n               data-thumbnail=\"https:\/\/www.tc-karlsruhe-west.de\/wp-content\/gallery\/faecherstadt-turnier\/thumbs\/thumbs_IMG_4230.JPG\"\n               data-image-id=\"285\"\n               data-title=\"IMG_4230\"\n               data-description=\"\"\n               data-image-slug=\"img_4230\"\n               class=\"ngg-fancybox\" rel=\"ec06654c9031eb501de5add2f72afba2\">\n                <img\n                    title=\"IMG_4230\"\n                    alt=\"IMG_4230\"\n                    src=\"https:\/\/www.tc-karlsruhe-west.de\/wp-content\/gallery\/faecherstadt-turnier\/thumbs\/thumbs_IMG_4230.JPG\"\n                    width=\"240\"\n                    height=\"160\"\n                    style=\"max-width:100%;\"\n                \/>\n            <\/a>\n        <\/div>\n\t\t\t\t\t\t\t<\/div> \n\t\t\t\n        \n\t\t\t\t<div id=\"ngg-image-8\" class=\"ngg-gallery-thumbnail-box\" >\n\t\t\t\t        <div class=\"ngg-gallery-thumbnail\">\n            <a href=\"https:\/\/www.tc-karlsruhe-west.de\/wp-content\/gallery\/faecherstadt-turnier\/IMG_4234.JPG\"\n               title=\"\"\n               data-src=\"https:\/\/www.tc-karlsruhe-west.de\/wp-content\/gallery\/faecherstadt-turnier\/IMG_4234.JPG\"\n               data-thumbnail=\"https:\/\/www.tc-karlsruhe-west.de\/wp-content\/gallery\/faecherstadt-turnier\/thumbs\/thumbs_IMG_4234.JPG\"\n               data-image-id=\"286\"\n               data-title=\"IMG_4234\"\n               data-description=\"\"\n               data-image-slug=\"img_4234\"\n               class=\"ngg-fancybox\" rel=\"ec06654c9031eb501de5add2f72afba2\">\n                <img\n                    title=\"IMG_4234\"\n                    alt=\"IMG_4234\"\n                    src=\"https:\/\/www.tc-karlsruhe-west.de\/wp-content\/gallery\/faecherstadt-turnier\/thumbs\/thumbs_IMG_4234.JPG\"\n                    width=\"240\"\n                    height=\"160\"\n                    style=\"max-width:100%;\"\n                \/>\n            <\/a>\n        <\/div>\n\t\t\t\t\t\t\t<\/div> \n\t\t\t\n        \n\t\t\t\t<div id=\"ngg-image-9\" class=\"ngg-gallery-thumbnail-box\" >\n\t\t\t\t        <div class=\"ngg-gallery-thumbnail\">\n            <a href=\"https:\/\/www.tc-karlsruhe-west.de\/wp-content\/gallery\/faecherstadt-turnier\/IMG_4236.JPG\"\n               title=\"\"\n               data-src=\"https:\/\/www.tc-karlsruhe-west.de\/wp-content\/gallery\/faecherstadt-turnier\/IMG_4236.JPG\"\n               data-thumbnail=\"https:\/\/www.tc-karlsruhe-west.de\/wp-content\/gallery\/faecherstadt-turnier\/thumbs\/thumbs_IMG_4236.JPG\"\n               data-image-id=\"287\"\n               data-title=\"IMG_4236\"\n               data-description=\"\"\n               data-image-slug=\"img_4236\"\n               class=\"ngg-fancybox\" rel=\"ec06654c9031eb501de5add2f72afba2\">\n                <img\n                    title=\"IMG_4236\"\n                    alt=\"IMG_4236\"\n                    src=\"https:\/\/www.tc-karlsruhe-west.de\/wp-content\/gallery\/faecherstadt-turnier\/thumbs\/thumbs_IMG_4236.JPG\"\n                    width=\"240\"\n                    height=\"160\"\n                    style=\"max-width:100%;\"\n                \/>\n            <\/a>\n        <\/div>\n\t\t\t\t\t\t\t<\/div> \n\t\t\t\n        \n\t\t\t\t<div id=\"ngg-image-10\" class=\"ngg-gallery-thumbnail-box\" >\n\t\t\t\t        <div class=\"ngg-gallery-thumbnail\">\n            <a href=\"https:\/\/www.tc-karlsruhe-west.de\/wp-content\/gallery\/faecherstadt-turnier\/IMG_4242.JPG\"\n               title=\"\"\n               data-src=\"https:\/\/www.tc-karlsruhe-west.de\/wp-content\/gallery\/faecherstadt-turnier\/IMG_4242.JPG\"\n               data-thumbnail=\"https:\/\/www.tc-karlsruhe-west.de\/wp-content\/gallery\/faecherstadt-turnier\/thumbs\/thumbs_IMG_4242.JPG\"\n               data-image-id=\"288\"\n               data-title=\"IMG_4242\"\n               data-description=\"\"\n               data-image-slug=\"img_4242\"\n               class=\"ngg-fancybox\" rel=\"ec06654c9031eb501de5add2f72afba2\">\n                <img\n                    title=\"IMG_4242\"\n                    alt=\"IMG_4242\"\n                    src=\"https:\/\/www.tc-karlsruhe-west.de\/wp-content\/gallery\/faecherstadt-turnier\/thumbs\/thumbs_IMG_4242.JPG\"\n                    width=\"240\"\n                    height=\"160\"\n                    style=\"max-width:100%;\"\n                \/>\n            <\/a>\n        <\/div>\n\t\t\t\t\t\t\t<\/div> \n\t\t\t\n        \n\t\t\t\t<div id=\"ngg-image-11\" class=\"ngg-gallery-thumbnail-box\" >\n\t\t\t\t        <div class=\"ngg-gallery-thumbnail\">\n            <a href=\"https:\/\/www.tc-karlsruhe-west.de\/wp-content\/gallery\/faecherstadt-turnier\/IMG_4253.JPG\"\n               title=\"\"\n               data-src=\"https:\/\/www.tc-karlsruhe-west.de\/wp-content\/gallery\/faecherstadt-turnier\/IMG_4253.JPG\"\n               data-thumbnail=\"https:\/\/www.tc-karlsruhe-west.de\/wp-content\/gallery\/faecherstadt-turnier\/thumbs\/thumbs_IMG_4253.JPG\"\n               data-image-id=\"289\"\n               data-title=\"IMG_4253\"\n               data-description=\"\"\n               data-image-slug=\"img_4253\"\n               class=\"ngg-fancybox\" rel=\"ec06654c9031eb501de5add2f72afba2\">\n                <img\n                    title=\"IMG_4253\"\n                    alt=\"IMG_4253\"\n                    src=\"https:\/\/www.tc-karlsruhe-west.de\/wp-content\/gallery\/faecherstadt-turnier\/thumbs\/thumbs_IMG_4253.JPG\"\n                    width=\"240\"\n                    height=\"160\"\n                    style=\"max-width:100%;\"\n                \/>\n            <\/a>\n        <\/div>\n\t\t\t\t\t\t\t<\/div> \n\t\t\t\n        \n\t\t\t\t<div id=\"ngg-image-12\" class=\"ngg-gallery-thumbnail-box\" >\n\t\t\t\t        <div class=\"ngg-gallery-thumbnail\">\n            <a href=\"https:\/\/www.tc-karlsruhe-west.de\/wp-content\/gallery\/faecherstadt-turnier\/IMG_4258.JPG\"\n               title=\"\"\n               data-src=\"https:\/\/www.tc-karlsruhe-west.de\/wp-content\/gallery\/faecherstadt-turnier\/IMG_4258.JPG\"\n               data-thumbnail=\"https:\/\/www.tc-karlsruhe-west.de\/wp-content\/gallery\/faecherstadt-turnier\/thumbs\/thumbs_IMG_4258.JPG\"\n               data-image-id=\"290\"\n               data-title=\"IMG_4258\"\n               data-description=\"\"\n               data-image-slug=\"img_4258\"\n               class=\"ngg-fancybox\" rel=\"ec06654c9031eb501de5add2f72afba2\">\n                <img\n                    title=\"IMG_4258\"\n                    alt=\"IMG_4258\"\n                    src=\"https:\/\/www.tc-karlsruhe-west.de\/wp-content\/gallery\/faecherstadt-turnier\/thumbs\/thumbs_IMG_4258.JPG\"\n                    width=\"240\"\n                    height=\"160\"\n                    style=\"max-width:100%;\"\n                \/>\n            <\/a>\n        <\/div>\n\t\t\t\t\t\t\t<\/div> \n\t\t\t\n        \n\t\t\t\t<div id=\"ngg-image-13\" class=\"ngg-gallery-thumbnail-box\" >\n\t\t\t\t        <div class=\"ngg-gallery-thumbnail\">\n            <a href=\"https:\/\/www.tc-karlsruhe-west.de\/wp-content\/gallery\/faecherstadt-turnier\/IMG_4261.JPG\"\n               title=\"\"\n               data-src=\"https:\/\/www.tc-karlsruhe-west.de\/wp-content\/gallery\/faecherstadt-turnier\/IMG_4261.JPG\"\n               data-thumbnail=\"https:\/\/www.tc-karlsruhe-west.de\/wp-content\/gallery\/faecherstadt-turnier\/thumbs\/thumbs_IMG_4261.JPG\"\n               data-image-id=\"291\"\n               data-title=\"IMG_4261\"\n               data-description=\"\"\n               data-image-slug=\"img_4261\"\n               class=\"ngg-fancybox\" rel=\"ec06654c9031eb501de5add2f72afba2\">\n                <img\n                    title=\"IMG_4261\"\n                    alt=\"IMG_4261\"\n                    src=\"https:\/\/www.tc-karlsruhe-west.de\/wp-content\/gallery\/faecherstadt-turnier\/thumbs\/thumbs_IMG_4261.JPG\"\n                    width=\"240\"\n                    height=\"160\"\n                    style=\"max-width:100%;\"\n                \/>\n            <\/a>\n        <\/div>\n\t\t\t\t\t\t\t<\/div> \n\t\t\t\n        \n\t\t\t\t<div id=\"ngg-image-14\" class=\"ngg-gallery-thumbnail-box\" >\n\t\t\t\t        <div class=\"ngg-gallery-thumbnail\">\n            <a href=\"https:\/\/www.tc-karlsruhe-west.de\/wp-content\/gallery\/faecherstadt-turnier\/IMG_4263.JPG\"\n               title=\"\"\n               data-src=\"https:\/\/www.tc-karlsruhe-west.de\/wp-content\/gallery\/faecherstadt-turnier\/IMG_4263.JPG\"\n               data-thumbnail=\"https:\/\/www.tc-karlsruhe-west.de\/wp-content\/gallery\/faecherstadt-turnier\/thumbs\/thumbs_IMG_4263.JPG\"\n               data-image-id=\"292\"\n               data-title=\"IMG_4263\"\n               data-description=\"\"\n               data-image-slug=\"img_4263\"\n               class=\"ngg-fancybox\" rel=\"ec06654c9031eb501de5add2f72afba2\">\n                <img\n                    title=\"IMG_4263\"\n                    alt=\"IMG_4263\"\n                    src=\"https:\/\/www.tc-karlsruhe-west.de\/wp-content\/gallery\/faecherstadt-turnier\/thumbs\/thumbs_IMG_4263.JPG\"\n                    width=\"240\"\n                    height=\"160\"\n                    style=\"max-width:100%;\"\n                \/>\n            <\/a>\n        <\/div>\n\t\t\t\t\t\t\t<\/div> \n\t\t\t\n        \n\t\t\t\t<div id=\"ngg-image-15\" class=\"ngg-gallery-thumbnail-box\" >\n\t\t\t\t        <div class=\"ngg-gallery-thumbnail\">\n            <a href=\"https:\/\/www.tc-karlsruhe-west.de\/wp-content\/gallery\/faecherstadt-turnier\/IMG_4274.JPG\"\n               title=\"\"\n               data-src=\"https:\/\/www.tc-karlsruhe-west.de\/wp-content\/gallery\/faecherstadt-turnier\/IMG_4274.JPG\"\n               data-thumbnail=\"https:\/\/www.tc-karlsruhe-west.de\/wp-content\/gallery\/faecherstadt-turnier\/thumbs\/thumbs_IMG_4274.JPG\"\n               data-image-id=\"293\"\n               data-title=\"IMG_4274\"\n               data-description=\"\"\n               data-image-slug=\"img_4274\"\n               class=\"ngg-fancybox\" rel=\"ec06654c9031eb501de5add2f72afba2\">\n                <img\n                    title=\"IMG_4274\"\n                    alt=\"IMG_4274\"\n                    src=\"https:\/\/www.tc-karlsruhe-west.de\/wp-content\/gallery\/faecherstadt-turnier\/thumbs\/thumbs_IMG_4274.JPG\"\n                    width=\"240\"\n                    height=\"160\"\n                    style=\"max-width:100%;\"\n                \/>\n            <\/a>\n        <\/div>\n\t\t\t\t\t\t\t<\/div> \n\t\t\t\n        \n\t\t\t\t<div id=\"ngg-image-16\" class=\"ngg-gallery-thumbnail-box\" >\n\t\t\t\t        <div class=\"ngg-gallery-thumbnail\">\n            <a href=\"https:\/\/www.tc-karlsruhe-west.de\/wp-content\/gallery\/faecherstadt-turnier\/IMG_4277.JPG\"\n               title=\"\"\n               data-src=\"https:\/\/www.tc-karlsruhe-west.de\/wp-content\/gallery\/faecherstadt-turnier\/IMG_4277.JPG\"\n               data-thumbnail=\"https:\/\/www.tc-karlsruhe-west.de\/wp-content\/gallery\/faecherstadt-turnier\/thumbs\/thumbs_IMG_4277.JPG\"\n               data-image-id=\"294\"\n               data-title=\"IMG_4277\"\n               data-description=\"\"\n               data-image-slug=\"img_4277\"\n               class=\"ngg-fancybox\" rel=\"ec06654c9031eb501de5add2f72afba2\">\n                <img\n                    title=\"IMG_4277\"\n                    alt=\"IMG_4277\"\n                    src=\"https:\/\/www.tc-karlsruhe-west.de\/wp-content\/gallery\/faecherstadt-turnier\/thumbs\/thumbs_IMG_4277.JPG\"\n                    width=\"240\"\n                    height=\"160\"\n                    style=\"max-width:100%;\"\n                \/>\n            <\/a>\n        <\/div>\n\t\t\t\t\t\t\t<\/div> \n\t\t\t\n        \n\t\t\t\t<div id=\"ngg-image-17\" class=\"ngg-gallery-thumbnail-box\" >\n\t\t\t\t        <div class=\"ngg-gallery-thumbnail\">\n            <a href=\"https:\/\/www.tc-karlsruhe-west.de\/wp-content\/gallery\/faecherstadt-turnier\/IMG_4280.JPG\"\n               title=\"\"\n               data-src=\"https:\/\/www.tc-karlsruhe-west.de\/wp-content\/gallery\/faecherstadt-turnier\/IMG_4280.JPG\"\n               data-thumbnail=\"https:\/\/www.tc-karlsruhe-west.de\/wp-content\/gallery\/faecherstadt-turnier\/thumbs\/thumbs_IMG_4280.JPG\"\n               data-image-id=\"295\"\n               data-title=\"IMG_4280\"\n               data-description=\"\"\n               data-image-slug=\"img_4280\"\n               class=\"ngg-fancybox\" rel=\"ec06654c9031eb501de5add2f72afba2\">\n                <img\n                    title=\"IMG_4280\"\n                    alt=\"IMG_4280\"\n                    src=\"https:\/\/www.tc-karlsruhe-west.de\/wp-content\/gallery\/faecherstadt-turnier\/thumbs\/thumbs_IMG_4280.JPG\"\n                    width=\"240\"\n                    height=\"160\"\n                    style=\"max-width:100%;\"\n                \/>\n            <\/a>\n        <\/div>\n\t\t\t\t\t\t\t<\/div> \n\t\t\t\n        \n\t\t\t\t<div id=\"ngg-image-18\" class=\"ngg-gallery-thumbnail-box\" >\n\t\t\t\t        <div class=\"ngg-gallery-thumbnail\">\n            <a href=\"https:\/\/www.tc-karlsruhe-west.de\/wp-content\/gallery\/faecherstadt-turnier\/IMG_4297.JPG\"\n               title=\"\"\n               data-src=\"https:\/\/www.tc-karlsruhe-west.de\/wp-content\/gallery\/faecherstadt-turnier\/IMG_4297.JPG\"\n               data-thumbnail=\"https:\/\/www.tc-karlsruhe-west.de\/wp-content\/gallery\/faecherstadt-turnier\/thumbs\/thumbs_IMG_4297.JPG\"\n               data-image-id=\"296\"\n               data-title=\"IMG_4297\"\n               data-description=\"\"\n               data-image-slug=\"img_4297\"\n               class=\"ngg-fancybox\" rel=\"ec06654c9031eb501de5add2f72afba2\">\n                <img\n                    title=\"IMG_4297\"\n                    alt=\"IMG_4297\"\n                    src=\"https:\/\/www.tc-karlsruhe-west.de\/wp-content\/gallery\/faecherstadt-turnier\/thumbs\/thumbs_IMG_4297.JPG\"\n                    width=\"240\"\n                    height=\"160\"\n                    style=\"max-width:100%;\"\n                \/>\n            <\/a>\n        <\/div>\n\t\t\t\t\t\t\t<\/div> \n\t\t\t\n        \n\t\t\t\t<div id=\"ngg-image-19\" class=\"ngg-gallery-thumbnail-box\" >\n\t\t\t\t        <div class=\"ngg-gallery-thumbnail\">\n            <a href=\"https:\/\/www.tc-karlsruhe-west.de\/wp-content\/gallery\/faecherstadt-turnier\/IMG_4301.JPG\"\n               title=\"\"\n               data-src=\"https:\/\/www.tc-karlsruhe-west.de\/wp-content\/gallery\/faecherstadt-turnier\/IMG_4301.JPG\"\n               data-thumbnail=\"https:\/\/www.tc-karlsruhe-west.de\/wp-content\/gallery\/faecherstadt-turnier\/thumbs\/thumbs_IMG_4301.JPG\"\n               data-image-id=\"297\"\n               data-title=\"IMG_4301\"\n               data-description=\"\"\n               data-image-slug=\"img_4301\"\n               class=\"ngg-fancybox\" rel=\"ec06654c9031eb501de5add2f72afba2\">\n                <img\n                    title=\"IMG_4301\"\n                    alt=\"IMG_4301\"\n                    src=\"https:\/\/www.tc-karlsruhe-west.de\/wp-content\/gallery\/faecherstadt-turnier\/thumbs\/thumbs_IMG_4301.JPG\"\n                    width=\"240\"\n                    height=\"160\"\n                    style=\"max-width:100%;\"\n                \/>\n            <\/a>\n        <\/div>\n\t\t\t\t\t\t\t<\/div> \n\t\t\t\n        \n\t\t\n\t\t<!-- Pagination -->\n\t<div class='ngg-navigation'><span class='current'>1<\/span>\n<a class='page-numbers' data-pageid='2' href='https:\/\/www.tc-karlsruhe-west.de\/index.php\/nggallery\/page\/2?page_id=3198'>2<\/a>\n<a class='page-numbers' data-pageid='3' href='https:\/\/www.tc-karlsruhe-west.de\/index.php\/nggallery\/page\/3?page_id=3198'>3<\/a>\n<a class='prev' href='https:\/\/www.tc-karlsruhe-west.de\/index.php\/nggallery\/page\/2?page_id=3198' data-pageid=2>&#9658;<\/a><\/div>\t<\/div>\n\n","protected":false},"excerpt":{"rendered":"<p>Dies ist eine Auswahl der Bilder die w\u00e4hrend des Turniers gemacht wurden. Wenn du Zugriff auf alle Bilder des Turnier m\u00f6chtest, schreib einfach eine E-Mail an &#8220;jugend@tc-karlsruhe-west.de&#8221;.<\/p>\n","protected":false},"author":2,"featured_media":0,"parent":0,"menu_order":0,"comment_status":"closed","ping_status":"closed","template":"","meta":{"_bbp_topic_count":0,"_bbp_reply_count":0,"_bbp_total_topic_count":0,"_bbp_total_reply_count":0,"_bbp_voice_count":0,"_bbp_anonymous_reply_count":0,"_bbp_topic_count_hidden":0,"_bbp_reply_count_hidden":0,"_bbp_forum_subforum_count":0,"ngg_post_thumbnail":0},"_links":{"self":[{"href":"https:\/\/www.tc-karlsruhe-west.de\/index.php?rest_route=\/wp\/v2\/pages\/3198"}],"collection":[{"href":"https:\/\/www.tc-karlsruhe-west.de\/index.php?rest_route=\/wp\/v2\/pages"}],"about":[{"href":"https:\/\/www.tc-karlsruhe-west.de\/index.php?rest_route=\/wp\/v2\/types\/page"}],"author":[{"embeddable":true,"href":"https:\/\/www.tc-karlsruhe-west.de\/index.php?rest_route=\/wp\/v2\/users\/2"}],"replies":[{"embeddable":true,"href":"https:\/\/www.tc-karlsruhe-west.de\/index.php?rest_route=%2Fwp%2Fv2%2Fcomments&post=3198"}],"version-history":[{"count":2,"href":"https:\/\/www.tc-karlsruhe-west.de\/index.php?rest_route=\/wp\/v2\/pages\/3198\/revisions"}],"predecessor-version":[{"id":3314,"href":"https:\/\/www.tc-karlsruhe-west.de\/index.php?rest_route=\/wp\/v2\/pages\/3198\/revisions\/3314"}],"wp:attachment":[{"href":"https:\/\/www.tc-karlsruhe-west.de\/index.php?rest_route=%2Fwp%2Fv2%2Fmedia&parent=3198"}],"curies":[{"name":"wp","href":"https:\/\/api.w.org\/{rel}","templated":true}]}}