{"id":189,"date":"2016-08-05T18:24:44","date_gmt":"2016-08-05T16:24:44","guid":{"rendered":"http:\/\/www.tc-karlsruhe-west.de\/?page_id=189"},"modified":"2025-04-17T08:36:31","modified_gmt":"2025-04-17T06:36:31","slug":"gruppentraining","status":"publish","type":"page","link":"https:\/\/www.tc-karlsruhe-west.de\/?page_id=189","title":{"rendered":"Erwachsenentraining"},"content":{"rendered":"\r\n<p class=\"has-vivid-red-color has-text-color\"><b>Auch im Jahr 2025 bieten wir wieder Training f\u00fcr Erwachsene an!<\/b><\/p>\r\n<p>In den Trainingsgruppen f\u00fcr Erwachsene sind bis zu den Sommerferien alle Pl\u00e4tze vergeben!<\/p>\r\n<p>Danach k\u00f6nnen nochmal neue Gruppen gebildet werden; dazu wird eine Rundmail an alle Mitglieder versendet.<\/p>\r\n<p>Den Flyer f\u00fcr das Erwachsenentraining findet ihr hier:<\/p>\r\n<p>Powerpoint:&nbsp;<a href=\"http:\/\/www.tc-karlsruhe-west.de\/wp-content\/uploads\/Flyer-Anfaengertraining_2025.pptx\">Flyer-Anfaengertraining_2025<\/a><\/p>\r\n<p>PDF: <a href=\"http:\/\/www.tc-karlsruhe-west.de\/wp-content\/uploads\/Flyer-Anfaengertraining_2025.pdf\">Flyer-Anfaengertraining_2025<\/a><\/p>\r\n\r\n\r\n\r\n<p><img loading=\"lazy\" class=\"aligncenter  wp-image-5383\" src=\"http:\/\/www.tc-karlsruhe-west.de\/wp-content\/uploads\/tennis-ball-7138046_1280-300x200.jpg\" alt=\"\" width=\"404\" height=\"269\" srcset=\"https:\/\/www.tc-karlsruhe-west.de\/wp-content\/uploads\/tennis-ball-7138046_1280-300x200.jpg 300w, https:\/\/www.tc-karlsruhe-west.de\/wp-content\/uploads\/tennis-ball-7138046_1280-960x641.jpg 960w, https:\/\/www.tc-karlsruhe-west.de\/wp-content\/uploads\/tennis-ball-7138046_1280-768x513.jpg 768w, https:\/\/www.tc-karlsruhe-west.de\/wp-content\/uploads\/tennis-ball-7138046_1280.jpg 1280w\" sizes=\"(max-width: 404px) 100vw, 404px\" \/><\/p>\r\n","protected":false},"excerpt":{"rendered":"<p>Auch im Jahr 2025 bieten wir wieder Training f\u00fcr Erwachsene an! In den Trainingsgruppen f\u00fcr Erwachsene sind bis zu den Sommerferien alle Pl\u00e4tze vergeben! Danach k\u00f6nnen nochmal neue Gruppen gebildet werden; dazu wird eine Rundmail an alle Mitglieder versendet. Den Flyer f\u00fcr das Erwachsenentraining findet ihr hier: Powerpoint:&nbsp;Flyer-Anfaengertraining_2025 PDF: Flyer-Anfaengertraining_2025<\/p>\n","protected":false},"author":1,"featured_media":4997,"parent":0,"menu_order":0,"comment_status":"closed","ping_status":"closed","template":"","meta":{"_bbp_topic_count":0,"_bbp_reply_count":0,"_bbp_total_topic_count":0,"_bbp_total_reply_count":0,"_bbp_voice_count":0,"_bbp_anonymous_reply_count":0,"_bbp_topic_count_hidden":0,"_bbp_reply_count_hidden":0,"_bbp_forum_subforum_count":0,"ngg_post_thumbnail":0},"_links":{"self":[{"href":"https:\/\/www.tc-karlsruhe-west.de\/index.php?rest_route=\/wp\/v2\/pages\/189"}],"collection":[{"href":"https:\/\/www.tc-karlsruhe-west.de\/index.php?rest_route=\/wp\/v2\/pages"}],"about":[{"href":"https:\/\/www.tc-karlsruhe-west.de\/index.php?rest_route=\/wp\/v2\/types\/page"}],"author":[{"embeddable":true,"href":"https:\/\/www.tc-karlsruhe-west.de\/index.php?rest_route=\/wp\/v2\/users\/1"}],"replies":[{"embeddable":true,"href":"https:\/\/www.tc-karlsruhe-west.de\/index.php?rest_route=%2Fwp%2Fv2%2Fcomments&post=189"}],"version-history":[{"count":41,"href":"https:\/\/www.tc-karlsruhe-west.de\/index.php?rest_route=\/wp\/v2\/pages\/189\/revisions"}],"predecessor-version":[{"id":5647,"href":"https:\/\/www.tc-karlsruhe-west.de\/index.php?rest_route=\/wp\/v2\/pages\/189\/revisions\/5647"}],"wp:featuredmedia":[{"embeddable":true,"href":"https:\/\/www.tc-karlsruhe-west.de\/index.php?rest_route=\/wp\/v2\/media\/4997"}],"wp:attachment":[{"href":"https:\/\/www.tc-karlsruhe-west.de\/index.php?rest_route=%2Fwp%2Fv2%2Fmedia&parent=189"}],"curies":[{"name":"wp","href":"https:\/\/api.w.org\/{rel}","templated":true}]}}