{"id":150,"date":"2016-08-05T17:48:38","date_gmt":"2016-08-05T15:48:38","guid":{"rendered":"http:\/\/www.tc-karlsruhe-west.de\/?page_id=150"},"modified":"2026-02-10T12:12:21","modified_gmt":"2026-02-10T11:12:21","slug":"jugend","status":"publish","type":"page","link":"https:\/\/www.tc-karlsruhe-west.de\/?page_id=150","title":{"rendered":"Jugend"},"content":{"rendered":"\r\n<p>Durch altersgerechte Trainingsmethoden haben Kinder und Jugendliche bei uns die M\u00f6glichkeit, das Tennisspielen zu erlernen. Wir bieten in vielen Altersklassen Mannschaften an, so dass die Kinder in unserem Verein bis zur Erwachsenenmannschaft gef\u00fchrt werden k\u00f6nnen. Unsere Trainer sind erfahrene Tennislehrer mit A- und C-Lizenz sowie Sch\u00fclermentoren. Seit Jahren pflegen wir erfolgreich Kooperationen mit verschiedenen Schulen.<\/p>\r\n\r\n\r\n\r\n<p>Jeden Herbst richtet der Badische Tennisverband auf unseren Pl\u00e4tzen die Jugendkreismeisterschaften f\u00fcr Karlsruhe und Umgebung aus. Au\u00dferdem veranstalten wir j\u00e4hrlich ein Jugend-LK-Turnier auf unserer Anlage.<\/p>\r\n\r\n\r\n\r\n<div class=\"su-spacer\" style=\"height:20px\"><\/div>\r\n\r\n\r\n\r\n<h4><strong>Ziel<\/strong><\/h4>\r\n\r\n\r\n\r\n<p>Das Ziel unserer Jugendarbeit ist es, den Kindern und Jugendlichen ein langfristiges, stabiles Tennis Umfeld zu liefern. Ob Anf\u00e4nger oder Mannschaftsspieler &#8211; bei uns ist f\u00fcr jeden etwas dabei. Durch altersgerechte Trainingseinteilung in 3-4er Gruppen und verschiedensten Trainern erf\u00fcllen wir alle W\u00fcnsche, die ihr an ein Jugendtraining habt.<\/p>\r\n\r\n\r\n\r\n<div class=\"su-spacer\" style=\"height:20px\"><\/div>\r\n\r\n\r\n\r\n<h4><strong>Jugendkonzept<\/strong><\/h4>\r\n\r\n\r\n\r\n<p>Unsere Jugendarbeit besteht aus verschiedenen Komponenten:<\/p>\r\n\r\n\r\n\r\n<ul>\r\n<li>Sommer und Wintertraining mit gleich bleibenden Trainern, finanziell bezuschusst durch den Verein<\/li>\r\n<li>Einem Tenniscamp, bei welchem von morgens bis nachmittags ein umfangreiches Programm angeboten wird &#8211; nicht nur Tennis!<\/li>\r\n<li>Mehrere Jugendaktionen wie bspw. Schlittschuhlaufen, gemeinsame Trainings mit allen Mannschaften, Beach Tennis Turniere, Ausflug ins Murgtal, Nikolausfeier und vieles mehr&#8230;<\/li>\r\n<li>Durch Kooperationen mit umliegenden Schulen bieten wir Kindern die M\u00f6glichkeit, im Rahmen des Schulsports den Tennissport und unseren Verein kennen zulernen<\/li>\r\n<li>Subventionierung f\u00fcr die Verpflegung bei Heimspielen der Jugendmannschaften<\/li>\r\n<\/ul>\r\n\r\n\r\n\r\n<div class=\"su-spacer\" style=\"height:20px\"><\/div>\r\n\r\n\r\n\r\n<h4><strong>Jugendteam<\/strong><\/h4>\r\n\r\n\r\n\r\n<p>Unser Jugendteam besteht aus folgenden Mitgliedern, die gerne jederzeit f\u00fcr euch da sind:<\/p>\r\n\r\n\r\n\r\n<ul>\r\n<li>Victoria Zambo &#8211; Jugendleitung<\/li>\r\n<li>Annabell Teufel &#8211; Stellv. Jugendleitung<\/li>\r\n<li>Marlene Kurtz &#8211; Pr\u00e4sidentin<\/li>\r\n<li>Julian Leinweber &#8211; Vize-Pr\u00e4sident<\/li>\r\n<li>Jens Matalla &#8211; Staatlich gepr\u00fcfter Tennislehrer mit A-Lizenz<\/li>\r\n<li>Tobias Schlick, Victor Doychev, Lukas Thaumiller &#8211; Tennistrainer<\/li>\r\n<\/ul>\r\n\r\n\r\n\r\n<div class=\"su-spacer\" style=\"height:20px\"><\/div>\r\n\r\n\r\n\r\n<h4><strong>Kontakt<\/strong><\/h4>\r\n\r\n\r\n\r\n<p>Bei Fragen rund um die Jugendarbeit k\u00f6nnt ihr euch jederzeit per Mail an unsere Jugendleiterin Victoria &#8220;jugend@tc-karlsruhe-west.de&#8221; wenden. Sie wird s\u00e4mtliche Anfragen f\u00fcr euch beantworten.<\/p>\r\n","protected":false},"excerpt":{"rendered":"<p>Durch altersgerechte Trainingsmethoden haben Kinder und Jugendliche bei uns die M\u00f6glichkeit, das Tennisspielen zu erlernen. Wir bieten in vielen Altersklassen Mannschaften an, so dass die Kinder in unserem Verein bis zur Erwachsenenmannschaft gef\u00fchrt werden k\u00f6nnen. Unsere Trainer sind erfahrene Tennislehrer mit A- und C-Lizenz sowie Sch\u00fclermentoren. Seit Jahren pflegen wir erfolgreich Kooperationen mit verschiedenen Schulen. <a class=\"more-link\" href=\"https:\/\/www.tc-karlsruhe-west.de\/?page_id=150\">weiterlesen&#8230;<\/a><\/p>\n","protected":false},"author":1,"featured_media":5047,"parent":0,"menu_order":0,"comment_status":"closed","ping_status":"closed","template":"","meta":{"_bbp_topic_count":0,"_bbp_reply_count":0,"_bbp_total_topic_count":0,"_bbp_total_reply_count":0,"_bbp_voice_count":0,"_bbp_anonymous_reply_count":0,"_bbp_topic_count_hidden":0,"_bbp_reply_count_hidden":0,"_bbp_forum_subforum_count":0,"ngg_post_thumbnail":0},"_links":{"self":[{"href":"https:\/\/www.tc-karlsruhe-west.de\/index.php?rest_route=\/wp\/v2\/pages\/150"}],"collection":[{"href":"https:\/\/www.tc-karlsruhe-west.de\/index.php?rest_route=\/wp\/v2\/pages"}],"about":[{"href":"https:\/\/www.tc-karlsruhe-west.de\/index.php?rest_route=\/wp\/v2\/types\/page"}],"author":[{"embeddable":true,"href":"https:\/\/www.tc-karlsruhe-west.de\/index.php?rest_route=\/wp\/v2\/users\/1"}],"replies":[{"embeddable":true,"href":"https:\/\/www.tc-karlsruhe-west.de\/index.php?rest_route=%2Fwp%2Fv2%2Fcomments&post=150"}],"version-history":[{"count":20,"href":"https:\/\/www.tc-karlsruhe-west.de\/index.php?rest_route=\/wp\/v2\/pages\/150\/revisions"}],"predecessor-version":[{"id":5825,"href":"https:\/\/www.tc-karlsruhe-west.de\/index.php?rest_route=\/wp\/v2\/pages\/150\/revisions\/5825"}],"wp:featuredmedia":[{"embeddable":true,"href":"https:\/\/www.tc-karlsruhe-west.de\/index.php?rest_route=\/wp\/v2\/media\/5047"}],"wp:attachment":[{"href":"https:\/\/www.tc-karlsruhe-west.de\/index.php?rest_route=%2Fwp%2Fv2%2Fmedia&parent=150"}],"curies":[{"name":"wp","href":"https:\/\/api.w.org\/{rel}","templated":true}]}}