{"id":108,"date":"2016-08-05T17:11:47","date_gmt":"2016-08-05T15:11:47","guid":{"rendered":"http:\/\/www.tc-karlsruhe-west.de\/?page_id=108"},"modified":"2025-04-14T08:48:48","modified_gmt":"2025-04-14T06:48:48","slug":"mitglied-werden","status":"publish","type":"page","link":"https:\/\/www.tc-karlsruhe-west.de\/?page_id=108","title":{"rendered":"Mitglied werden"},"content":{"rendered":"\r\n<h4><strong>Interesse geweckt? Werden Sie Mitglied beim TC Karlsruhe-West e.V !<\/strong><\/h4>\r\n\r\n\r\n\r\n<p>Um Mitglied beim TC Karlsruhe-West zu werden, einfach das <a href=\"https:\/\/form.campai.com\/-i7GujwJTewE\" target=\"_blank\" rel=\"noopener\">digitale Aufnahmeformular<\/a> ausf\u00fcllen.<\/p>\r\n\r\n\r\n\r\n\r\n\r\n<p>Eine Auflistung der Jahresbeitr\u00e4ge finden Sie hier: <a href=\"http:\/\/www.tc-karlsruhe-west.de\/wp-content\/uploads\/Beitragsordnung_2022.pdf\" target=\"_blank\" rel=\"noopener noreferrer\">Beitragsordnung<\/a><br>Die Arbeitsstundenregelung finden Sie hier: <a href=\"http:\/\/www.tc-karlsruhe-west.de\/wp-content\/uploads\/Arbeitsstundenregelung-1.pdf\" target=\"_blank\" rel=\"noreferrer noopener\">Arbeitsstundenregelung<\/a><\/p>\r\n\r\n\r\n\r\n<div class=\"su-spacer\" style=\"height:20px\"><\/div>\r\n\r\n\r\n\r\n<h4><strong>Aktion f\u00fcr Neumitglieder<\/strong><\/h4>\r\n\r\n\r\n\r\n<p>Im ersten Jahr Ihrer Mitgliedschaft im Verein zahlen Sie nur den halben Beitrag!<\/p>\r\n\r\n\r\n\r\n<p>F\u00fcr alle Neumitglieder gibt es die M\u00f6glichkeit, an einem verg\u00fcnstigten Gruppentraining teilzunehmen. Weitere Informationen dazu finden Sie <a href=\"http:\/\/www.tc-karlsruhe-west.de\/?page_id=189\" target=\"_blank\" rel=\"noreferrer noopener\">hier<\/a>!<\/p>\r\n\r\n\r\n\r\n<div class=\"su-spacer\" style=\"height:20px\"><\/div>\r\n\r\n\r\n\r\n<h4><strong>Noch Fragen?<\/strong><\/h4>\r\n\r\n\r\n\r\n<p>Kontaktieren Sie uns gerne per Mail (info@tc-karlsruhe-west.de).<\/p>\r\n","protected":false},"excerpt":{"rendered":"<p>Interesse geweckt? Werden Sie Mitglied beim TC Karlsruhe-West e.V ! Um Mitglied beim TC Karlsruhe-West zu werden, einfach das digitale Aufnahmeformular ausf\u00fcllen. Eine Auflistung der Jahresbeitr\u00e4ge finden Sie hier: BeitragsordnungDie Arbeitsstundenregelung finden Sie hier: Arbeitsstundenregelung Aktion f\u00fcr Neumitglieder Im ersten Jahr Ihrer Mitgliedschaft im Verein zahlen Sie nur den halben Beitrag! F\u00fcr alle Neumitglieder gibt <a class=\"more-link\" href=\"https:\/\/www.tc-karlsruhe-west.de\/?page_id=108\">weiterlesen&#8230;<\/a><\/p>\n","protected":false},"author":1,"featured_media":5469,"parent":0,"menu_order":0,"comment_status":"closed","ping_status":"closed","template":"","meta":{"_bbp_topic_count":0,"_bbp_reply_count":0,"_bbp_total_topic_count":0,"_bbp_total_reply_count":0,"_bbp_voice_count":0,"_bbp_anonymous_reply_count":0,"_bbp_topic_count_hidden":0,"_bbp_reply_count_hidden":0,"_bbp_forum_subforum_count":0,"ngg_post_thumbnail":0},"_links":{"self":[{"href":"https:\/\/www.tc-karlsruhe-west.de\/index.php?rest_route=\/wp\/v2\/pages\/108"}],"collection":[{"href":"https:\/\/www.tc-karlsruhe-west.de\/index.php?rest_route=\/wp\/v2\/pages"}],"about":[{"href":"https:\/\/www.tc-karlsruhe-west.de\/index.php?rest_route=\/wp\/v2\/types\/page"}],"author":[{"embeddable":true,"href":"https:\/\/www.tc-karlsruhe-west.de\/index.php?rest_route=\/wp\/v2\/users\/1"}],"replies":[{"embeddable":true,"href":"https:\/\/www.tc-karlsruhe-west.de\/index.php?rest_route=%2Fwp%2Fv2%2Fcomments&post=108"}],"version-history":[{"count":123,"href":"https:\/\/www.tc-karlsruhe-west.de\/index.php?rest_route=\/wp\/v2\/pages\/108\/revisions"}],"predecessor-version":[{"id":5645,"href":"https:\/\/www.tc-karlsruhe-west.de\/index.php?rest_route=\/wp\/v2\/pages\/108\/revisions\/5645"}],"wp:featuredmedia":[{"embeddable":true,"href":"https:\/\/www.tc-karlsruhe-west.de\/index.php?rest_route=\/wp\/v2\/media\/5469"}],"wp:attachment":[{"href":"https:\/\/www.tc-karlsruhe-west.de\/index.php?rest_route=%2Fwp%2Fv2%2Fmedia&parent=108"}],"curies":[{"name":"wp","href":"https:\/\/api.w.org\/{rel}","templated":true}]}}